{"id":523,"date":"2020-03-26T18:24:18","date_gmt":"2020-03-26T21:24:18","guid":{"rendered":"http:\/\/dev.maiscode.com.br\/anfip\/login\/"},"modified":"2020-10-29T10:04:32","modified_gmt":"2020-10-29T13:04:32","slug":"login","status":"publish","type":"page","link":"https:\/\/abeic.org.br\/abeic\/login\/","title":{"rendered":"Login"},"content":{"rendered":"\n<div class=\"um um-login um-519\">\n\t<div class=\"um-form\">\n\t\t<form method=\"post\" action=\"\" autocomplete=\"off\">\n\t\t\t<div class=\"um-row _um_row_1 \" style=\"padding: 0px 0px 0px 0px;background-color: #034ea2;margin: 0px 0px 30px 0px;border-width: 0px 0px 0px 0px;border-style: solid;border-radius: 0px;\"><div class=\"um-col-121\"><div  id=\"um_field_519_username\" class=\"um-field um-field-text  um-field-username um-field-text um-field-type_text\" data-key=\"username\"><div class=\"um-field-area\"><input  autocomplete=\"off\" class=\"um-form-field valid \" type=\"text\" name=\"username-519\" id=\"username-519\" value=\"\" placeholder=\"Login\" data-validate=\"unique_email\" data-key=\"username\"  aria-invalid=\"false\" \/>\n\n\t\t\t\t\t\t<\/div><\/div><div  id=\"um_field_519_user_password\" class=\"um-field um-field-password  um-field-user_password um-field-password um-field-type_password\" data-key=\"user_password\"><div class=\"um-field-area\"><input class=\"um-form-field valid \" type=\"password\" name=\"user_password-519\" id=\"user_password-519\" value=\"\" placeholder=\"Senha\" data-validate=\"\" data-key=\"user_password\"  aria-invalid=\"false\" \/>\n\n\t\t\t\t\t\t\t<\/div><\/div><\/div><div class=\"um-col-122\"><\/div><div class=\"um-clear\"><\/div><\/div>\t<input type=\"hidden\" name=\"form_id\" id=\"form_id_519\" value=\"519\" \/>\n\t\t<p class=\"um_request_name\">\n\t\t<label for=\"um_request_519\">Only fill in if you are not human<\/label>\n\t\t<input type=\"hidden\" name=\"um_request\" id=\"um_request_519\" class=\"input\" value=\"\" size=\"25\" autocomplete=\"off\" \/>\n\t<\/p>\n\t<input type=\"hidden\" name=\"redirect_to\" id=\"redirect_to\" value=\"https:\/\/abeic.org.br\/abeic\/wp-json\/wp\/v2\/pages\/523\" \/><input type=\"hidden\" id=\"_wpnonce\" name=\"_wpnonce\" value=\"9e301e6906\" \/><input type=\"hidden\" name=\"_wp_http_referer\" value=\"\/abeic\/wp-json\/wp\/v2\/pages\/523\" \/>\n\t<div class=\"um-col-alt\">\n\n\t\t\n\t\t\t<div class=\"um-left um-half\">\n\t\t\t\t<input type=\"submit\" value=\"Entrar\" class=\"um-button\" id=\"um-submit-btn\" \/>\n\t\t\t<\/div>\n\t\t\t<div class=\"um-right um-half\">\n\t\t\t\t<a href=\"https:\/\/abeic.org.br\/abeic\/filiacao\/\" class=\"um-button um-alt\">\n\t\t\t\t\tRegistrar\t\t\t\t<\/a>\n\t\t\t<\/div>\n\n\t\t\n\t\t<div class=\"um-clear\"><\/div>\n\n\t<\/div>\n\n\t\n\t<div class=\"um-col-alt-b\">\n\t\t<a href=\"https:\/\/abeic.org.br\/abeic\/recuperar-senha\/\" class=\"um-link-alt\">\n\t\t\tEsqueceu sua senha?\t\t<\/a>\n\t<\/div>\n\n\t\t\t<\/form>\n\t<\/div>\n<\/div>\n<style>\n\t\t\t.um-519.um {\n\t\t\tmax-width: 450px;\n\t\t}\n\t\t<\/style>\n\n","protected":false},"excerpt":{"rendered":"","protected":false},"author":1,"featured_media":0,"parent":0,"menu_order":0,"comment_status":"closed","ping_status":"closed","template":"","meta":{"_acf_changed":false,"nf_dc_page":"","_bbp_topic_count":0,"_bbp_reply_count":0,"_bbp_total_topic_count":0,"_bbp_total_reply_count":0,"_bbp_voice_count":0,"_bbp_anonymous_reply_count":0,"_bbp_topic_count_hidden":0,"_bbp_reply_count_hidden":0,"_bbp_forum_subforum_count":0,"footnotes":""},"class_list":["post-523","page","type-page","status-publish","hentry"],"acf":[],"yoast_head":"<!-- This site is optimized with the Yoast SEO plugin v27.4 - https:\/\/yoast.com\/product\/yoast-seo-wordpress\/ -->\n<title>Login - ABEIC<\/title>\n<meta name=\"robots\" content=\"index, follow, max-snippet:-1, max-image-preview:large, max-video-preview:-1\" \/>\n<link rel=\"canonical\" href=\"https:\/\/abeic.org.br\/abeic\/login\/\" \/>\n<meta property=\"og:locale\" content=\"pt_BR\" \/>\n<meta property=\"og:type\" content=\"article\" \/>\n<meta property=\"og:title\" content=\"Login - ABEIC\" \/>\n<meta property=\"og:url\" content=\"https:\/\/abeic.org.br\/abeic\/login\/\" \/>\n<meta property=\"og:site_name\" content=\"ABEIC\" \/>\n<meta property=\"article:modified_time\" content=\"2020-10-29T13:04:32+00:00\" \/>\n<meta name=\"twitter:card\" content=\"summary_large_image\" \/>\n<script type=\"application\/ld+json\" class=\"yoast-schema-graph\">{\"@context\":\"https:\\\/\\\/schema.org\",\"@graph\":[{\"@type\":\"WebPage\",\"@id\":\"https:\\\/\\\/abeic.org.br\\\/abeic\\\/login\\\/\",\"url\":\"https:\\\/\\\/abeic.org.br\\\/abeic\\\/login\\\/\",\"name\":\"Login - ABEIC\",\"isPartOf\":{\"@id\":\"https:\\\/\\\/abeic.org.br\\\/abeic\\\/#website\"},\"datePublished\":\"2020-03-26T21:24:18+00:00\",\"dateModified\":\"2020-10-29T13:04:32+00:00\",\"breadcrumb\":{\"@id\":\"https:\\\/\\\/abeic.org.br\\\/abeic\\\/login\\\/#breadcrumb\"},\"inLanguage\":\"pt-BR\",\"potentialAction\":[{\"@type\":\"ReadAction\",\"target\":[\"https:\\\/\\\/abeic.org.br\\\/abeic\\\/login\\\/\"]}]},{\"@type\":\"BreadcrumbList\",\"@id\":\"https:\\\/\\\/abeic.org.br\\\/abeic\\\/login\\\/#breadcrumb\",\"itemListElement\":[{\"@type\":\"ListItem\",\"position\":1,\"name\":\"Home\",\"item\":\"https:\\\/\\\/abeic.org.br\\\/abeic\\\/\"},{\"@type\":\"ListItem\",\"position\":2,\"name\":\"Login\"}]},{\"@type\":\"WebSite\",\"@id\":\"https:\\\/\\\/abeic.org.br\\\/abeic\\\/#website\",\"url\":\"https:\\\/\\\/abeic.org.br\\\/abeic\\\/\",\"name\":\"ABEIC\",\"description\":\"Associa\u00e7\u00e3o Brasileira de Estudos de Intelig\u00eancia e Contraintelig\u00eancia\",\"potentialAction\":[{\"@type\":\"SearchAction\",\"target\":{\"@type\":\"EntryPoint\",\"urlTemplate\":\"https:\\\/\\\/abeic.org.br\\\/abeic\\\/?s={search_term_string}\"},\"query-input\":{\"@type\":\"PropertyValueSpecification\",\"valueRequired\":true,\"valueName\":\"search_term_string\"}}],\"inLanguage\":\"pt-BR\"}]}<\/script>\n<!-- \/ Yoast SEO plugin. -->","yoast_head_json":{"title":"Login - ABEIC","robots":{"index":"index","follow":"follow","max-snippet":"max-snippet:-1","max-image-preview":"max-image-preview:large","max-video-preview":"max-video-preview:-1"},"canonical":"https:\/\/abeic.org.br\/abeic\/login\/","og_locale":"pt_BR","og_type":"article","og_title":"Login - ABEIC","og_url":"https:\/\/abeic.org.br\/abeic\/login\/","og_site_name":"ABEIC","article_modified_time":"2020-10-29T13:04:32+00:00","twitter_card":"summary_large_image","schema":{"@context":"https:\/\/schema.org","@graph":[{"@type":"WebPage","@id":"https:\/\/abeic.org.br\/abeic\/login\/","url":"https:\/\/abeic.org.br\/abeic\/login\/","name":"Login - ABEIC","isPartOf":{"@id":"https:\/\/abeic.org.br\/abeic\/#website"},"datePublished":"2020-03-26T21:24:18+00:00","dateModified":"2020-10-29T13:04:32+00:00","breadcrumb":{"@id":"https:\/\/abeic.org.br\/abeic\/login\/#breadcrumb"},"inLanguage":"pt-BR","potentialAction":[{"@type":"ReadAction","target":["https:\/\/abeic.org.br\/abeic\/login\/"]}]},{"@type":"BreadcrumbList","@id":"https:\/\/abeic.org.br\/abeic\/login\/#breadcrumb","itemListElement":[{"@type":"ListItem","position":1,"name":"Home","item":"https:\/\/abeic.org.br\/abeic\/"},{"@type":"ListItem","position":2,"name":"Login"}]},{"@type":"WebSite","@id":"https:\/\/abeic.org.br\/abeic\/#website","url":"https:\/\/abeic.org.br\/abeic\/","name":"ABEIC","description":"Associa\u00e7\u00e3o Brasileira de Estudos de Intelig\u00eancia e Contraintelig\u00eancia","potentialAction":[{"@type":"SearchAction","target":{"@type":"EntryPoint","urlTemplate":"https:\/\/abeic.org.br\/abeic\/?s={search_term_string}"},"query-input":{"@type":"PropertyValueSpecification","valueRequired":true,"valueName":"search_term_string"}}],"inLanguage":"pt-BR"}]}},"_links":{"self":[{"href":"https:\/\/abeic.org.br\/abeic\/wp-json\/wp\/v2\/pages\/523","targetHints":{"allow":["GET"]}}],"collection":[{"href":"https:\/\/abeic.org.br\/abeic\/wp-json\/wp\/v2\/pages"}],"about":[{"href":"https:\/\/abeic.org.br\/abeic\/wp-json\/wp\/v2\/types\/page"}],"author":[{"embeddable":true,"href":"https:\/\/abeic.org.br\/abeic\/wp-json\/wp\/v2\/users\/1"}],"replies":[{"embeddable":true,"href":"https:\/\/abeic.org.br\/abeic\/wp-json\/wp\/v2\/comments?post=523"}],"version-history":[{"count":0,"href":"https:\/\/abeic.org.br\/abeic\/wp-json\/wp\/v2\/pages\/523\/revisions"}],"wp:attachment":[{"href":"https:\/\/abeic.org.br\/abeic\/wp-json\/wp\/v2\/media?parent=523"}],"curies":[{"name":"wp","href":"https:\/\/api.w.org\/{rel}","templated":true}]}}