{"id":278,"date":"2020-03-11T11:23:22","date_gmt":"2020-03-11T14:23:22","guid":{"rendered":"http:\/\/dev.maiscode.com.br\/anfip\/?page_id=278"},"modified":"2025-07-11T13:12:55","modified_gmt":"2025-07-11T16:12:55","slug":"filiacao","status":"publish","type":"page","link":"https:\/\/abeic.org.br\/abeic\/filiacao\/","title":{"rendered":"Filia\u00e7\u00e3o"},"content":{"rendered":"\r\n<p class=\"\">Ao filiar-se \u00e0\u00a0<strong>ABEIC<\/strong>\u00a0voc\u00ea far\u00e1 parte de um ambiente de reflex\u00e3o, pesquisa e debate, voltado para a conscientiza\u00e7\u00e3o, difus\u00e3o e aprendizado dos temas intelig\u00eancia e contraintelig\u00eancia, e bem assim sua utiliza\u00e7\u00e3o no contexto do processo decis\u00f3rio e de prote\u00e7\u00e3o dos conhecimentos sens\u00edveis. Se voc\u00ea tem interesse em filiar-se \u00e0\u00a0<strong>ABEIC<\/strong>, preencha o cadastro abaixo, enviando-o, ap\u00f3s, ao nosso banco de dados.<\/p>\r\n\r\n\r\n\r\n<p class=\"\">Para enviar o seu pedido \u00e9 necess\u00e1rio o envio de um curr\u00edculo, use o formul\u00e1rio abaixo preenchendo obrigatoriamente o seu nome, e-mail e curr\u00edculo.<\/p>\r\n\r\n\r\n\r\n<p class=\"\">Lembre-se que os pedidos de filia\u00e7\u00e3o est\u00e3o sujeitos \u00e0 avalia\u00e7\u00e3o e aprova\u00e7\u00e3o do Conselho Deliberativo da\u00a0<strong>ABEIC<\/strong>.<\/p>\r\n<p>&nbsp;<\/p>\r\n\n<div class=\"um um-register um-19251\">\n\t<div class=\"um-form\" data-mode=\"register\">\n\t\t<form method=\"post\" action=\"\">\n\t\t\t<div class=\"um-row _um_row_1 \" style=\"margin: 0 0 30px 0;\"><div class=\"um-col-121\"><div  id=\"um_field_19251_first_name\" class=\"um-field um-field-text  um-field-first_name um-field-text um-field-type_text\" data-key=\"first_name\"><div class=\"um-field-label\"><label for=\"first_name-19251\">Campos marcados com *, s\u00e3o obrigat\u00f3rios <\/label><div class=\"um-clear\"><\/div><\/div><div class=\"um-field-area\"><input  autocomplete=\"off\" class=\"um-form-field valid \" type=\"text\" name=\"first_name-19251\" id=\"first_name-19251\" value=\"\" placeholder=\"Nome*\" data-validate=\"\" data-key=\"first_name\"  aria-invalid=\"false\" \/>\n\n\t\t\t\t\t\t<\/div><\/div><div  id=\"um_field_19251_genero\" class=\"um-field um-field-select  um-field-genero um-field-select um-field-type_select\" data-key=\"genero\"><div class=\"um-field-area  \"><select data-default=\"\"     name=\"genero\" id=\"genero\" data-validate=\"\" data-key=\"genero\" class=\"um-form-field valid um-s1 \" style=\"width: 100%\" data-placeholder=\"G\u00eanero\"   aria-invalid=\"false\" ><option value=\"\"><\/option><option value=\"Masculino\" >Masculino<\/option><option value=\"Feminino\" >Feminino<\/option><option value=\"Outro\" >Outro<\/option><\/select><\/div><\/div><div  id=\"um_field_19251_profissao\" class=\"um-field um-field-text  um-field-profissao um-field-text um-field-type_text\" data-key=\"profissao\"><div class=\"um-field-area\"><input  autocomplete=\"off\" class=\"um-form-field valid \" type=\"text\" name=\"profissao-19251\" id=\"profissao-19251\" value=\"\" placeholder=\"Profiss\u00e3o*\" data-validate=\"\" data-key=\"profissao\"  aria-invalid=\"false\" \/>\n\n\t\t\t\t\t\t<\/div><\/div><div  id=\"um_field_19251_telefone_comercial\" class=\"um-field um-field-text  um-field-telefone_comercial um-field-text um-field-type_text\" data-key=\"telefone_comercial\"><div class=\"um-field-area\"><input  autocomplete=\"off\" class=\"um-form-field valid not-required \" type=\"text\" name=\"telefone_comercial-19251\" id=\"telefone_comercial-19251\" value=\"\" placeholder=\"Telefone\" data-validate=\"\" data-key=\"telefone_comercial\"  aria-invalid=\"false\" \/>\n\n\t\t\t\t\t\t<\/div><\/div><div  id=\"um_field_19251_mobile_number\" class=\"um-field um-field-tel  um-field-mobile_number um-field-tel um-field-type_tel\" data-key=\"mobile_number\"><div class=\"um-field-area\"><input  autocomplete=\"off\" class=\"um-form-field valid \" type=\"tel\" name=\"mobile_number-19251\" id=\"mobile_number-19251\" value=\"\" placeholder=\"Celular*\" data-validate=\"phone_number\" data-key=\"mobile_number\"  aria-invalid=\"false\" \/>\n\n\t\t\t\t\t\t<\/div><\/div><div  id=\"um_field_19251_user_email\" class=\"um-field um-field-text  um-field-user_email um-field-text um-field-type_text\" data-key=\"user_email\"><div class=\"um-field-area\"><input  autocomplete=\"off\" class=\"um-form-field valid \" type=\"text\" name=\"user_email-19251\" id=\"user_email-19251\" value=\"\" placeholder=\"Email*\" data-validate=\"unique_email\" data-key=\"user_email\"  aria-invalid=\"false\" \/>\n\n\t\t\t\t\t\t<\/div><\/div><div  id=\"um_field_19251_observacao\" class=\"um-field um-field-textarea  um-field-observacao um-field-textarea um-field-type_textarea\" data-key=\"observacao\"><div class=\"um-field-area\"><textarea    style=\"height: 100px;\" class=\"um-form-field valid not-required \" name=\"observacao\" id=\"observacao\" placeholder=\"Observa\u00e7\u00e3o\"  aria-invalid=\"false\" ><\/textarea><\/div><\/div><\/div><div class=\"um-col-122\"><div  id=\"um_field_19251_birth_date\" class=\"um-field um-field-date  um-field-birth_date um-field-date um-field-type_date\" data-key=\"birth_date\"><div class=\"um-field-label\"><label for=\"birth_date-19251\">Data de Nascimento*<\/label><div class=\"um-clear\"><\/div><\/div><div class=\"um-field-area\"><input   class=\"um-form-field valid um-datepicker \" type=\"text\" name=\"birth_date-19251\" id=\"birth_date-19251\" value=\"\" placeholder=\"mm\/dd\/yyyy*\" data-validate=\"\" data-key=\"birth_date\" data-range=\"years\" data-years=\"115\" data-years_x=\"past\" data-disabled_weekdays=\"\" data-date_min=\"1911,4,23\" data-date_max=\"2026,4,23\" data-format=\"d mmm yyyy\" data-value=\"\"  aria-invalid=\"false\" \/>\n\n\t\t\t\t\t\t<\/div><\/div><div  id=\"um_field_19251_cpf\" class=\"um-field um-field-text  um-field-cpf um-field-text um-field-type_text\" data-key=\"cpf\"><div class=\"um-field-area\"><input  autocomplete=\"off\" class=\"um-form-field valid \" type=\"text\" name=\"cpf-19251\" id=\"cpf-19251\" value=\"\" placeholder=\"CPF*\" data-validate=\"\" data-key=\"cpf\"  aria-invalid=\"false\" \/>\n\n\t\t\t\t\t\t<\/div><\/div><div  id=\"um_field_19251_cep\" class=\"um-field um-field-text  um-field-cep um-field-text um-field-type_text\" data-key=\"cep\"><div class=\"um-field-label\"><label for=\"cep-19251\">ENDERE\u00c7O<\/label><div class=\"um-clear\"><\/div><\/div><div class=\"um-field-area\"><input  autocomplete=\"off\" class=\"um-form-field valid \" type=\"text\" name=\"cep-19251\" id=\"cep-19251\" value=\"\" placeholder=\"CEP*\" data-validate=\"\" data-key=\"cep\"  aria-invalid=\"false\" \/>\n\n\t\t\t\t\t\t<\/div><\/div><div  id=\"um_field_19251_uf_text\" class=\"um-field um-field-text  um-field-uf_text um-field-text um-field-type_text\" data-key=\"uf_text\"><div class=\"um-field-area\"><input  autocomplete=\"off\" class=\"um-form-field valid \" type=\"text\" name=\"uf_text-19251\" id=\"uf_text-19251\" value=\"\" placeholder=\"Estado*\" data-validate=\"\" data-key=\"uf_text\"  aria-invalid=\"false\" \/>\n\n\t\t\t\t\t\t<\/div><\/div><div  id=\"um_field_19251_cidade\" class=\"um-field um-field-text  um-field-cidade um-field-text um-field-type_text\" data-key=\"cidade\"><div class=\"um-field-area\"><input  autocomplete=\"off\" class=\"um-form-field valid \" type=\"text\" name=\"cidade-19251\" id=\"cidade-19251\" value=\"\" placeholder=\"Cidade*\" data-validate=\"\" data-key=\"cidade\"  aria-invalid=\"false\" \/>\n\n\t\t\t\t\t\t<\/div><\/div><div  id=\"um_field_19251_bairro\" class=\"um-field um-field-text  um-field-bairro um-field-text um-field-type_text\" data-key=\"bairro\"><div class=\"um-field-area\"><input  autocomplete=\"off\" class=\"um-form-field valid \" type=\"text\" name=\"bairro-19251\" id=\"bairro-19251\" value=\"\" placeholder=\"Bairro*\" data-validate=\"\" data-key=\"bairro\"  aria-invalid=\"false\" \/>\n\n\t\t\t\t\t\t<\/div><\/div><div  id=\"um_field_19251_rua_av\" class=\"um-field um-field-text  um-field-rua_av um-field-text um-field-type_text\" data-key=\"rua_av\"><div class=\"um-field-area\"><input  autocomplete=\"off\" class=\"um-form-field valid \" type=\"text\" name=\"rua_av-19251\" id=\"rua_av-19251\" value=\"\" placeholder=\"Rua\/Av*\" data-validate=\"\" data-key=\"rua_av\"  aria-invalid=\"false\" \/>\n\n\t\t\t\t\t\t<\/div><\/div><div  id=\"um_field_19251_numero_casa\" class=\"um-field um-field-text  um-field-numero_casa um-field-text um-field-type_text\" data-key=\"numero_casa\"><div class=\"um-field-area\"><input  autocomplete=\"off\" class=\"um-form-field valid \" type=\"text\" name=\"numero_casa-19251\" id=\"numero_casa-19251\" value=\"\" placeholder=\"N\u00b0\/Apto*\" data-validate=\"0\" data-key=\"numero_casa\"  aria-invalid=\"false\" \/>\n\n\t\t\t\t\t\t<\/div><\/div><div  id=\"um_field_19251_documento\" class=\"um-field um-field-file  um-field-documento um-field-file um-field-type_file\" data-key=\"documento\" data-mode=\"register\" data-upload-label=\"Escolher arquivo\"><input type=\"hidden\" name=\"documento-19251\" id=\"documento-19251\" value=\"\"  aria-invalid=\"false\" \/><div class=\"um-field-label\"><label for=\"documento-19251\">Envie Seus Documentos - Arquivo \u00fanico. Somente com extens\u00e3o JPG ou PDF*<\/label><div class=\"um-clear\"><\/div><\/div><div class=\"um-field-area\" style=\"text-align: center;\"><div class=\"um-single-file-preview\" data-key=\"documento\"><\/div><a href=\"#\" data-modal=\"um_upload_single\" data-modal-size=\"normal\" data-modal-copy=\"1\" class=\"um-button um-btn-auto-width\">Escolher arquivo<\/a><\/div><div class=\"um-modal-hidden-content\"><div class=\"um-modal-header\"> Envie Seus Documentos - Arquivo \u00fanico. Somente com extens\u00e3o JPG ou PDF*<\/div><div class=\"um-modal-body\"><div class=\"um-single-file-preview\">\n\t\t\t\t\t\t\t\t\t\t<a href=\"javascript:void(0);\" class=\"cancel\"><i class=\"um-icon-close\"><\/i><\/a>\n\t\t\t\t\t\t\t\t\t\t<div class=\"um-single-fileinfo\">\n\t\t\t\t\t\t\t\t\t\t\t<a href=\"\" target=\"_blank\">\n\t\t\t\t\t\t\t\t\t\t\t\t<span class=\"icon\"><i><\/i><\/span>\n\t\t\t\t\t\t\t\t\t\t\t\t<span class=\"filename\"><\/span>\n\t\t\t\t\t\t\t\t\t\t\t<\/a>\n\t\t\t\t\t\t\t\t\t\t<\/div>\n\t\t\t\t\t\t\t\t<\/div><div class=\"um-single-file-upload\" data-user_id=\"\" data-timestamp=\"1776957714\" data-nonce=\"6926e8b14a\"  data-set_id=\"19251\" data-set_mode=\"register\" data-type=\"file\" data-key=\"documento\" data-max_size=\"999999999\" data-max_size_error=\"This file is too large!\" data-min_size_error=\"This file is too small!\" data-extension_error=\"Arquivo inv\u00e1lido, Tente adicionar um PDF.\"  data-allowed_types=\"pdf\" data-upload_text=\"Arraste e Solte\" data-max_files_error=\"You can only upload one file\" data-upload_help_text=\"\">Escolher arquivo<\/div><div class=\"um-modal-footer\">\n\t\t\t\t\t\t\t\t\t<div class=\"um-modal-right\">\n\t\t\t\t\t\t\t\t\t\t<a href=\"javascript:void(0);\" class=\"um-modal-btn um-finish-upload file disabled\" data-key=\"documento\" data-change=\"Alterar arquivo\" data-processing=\"Processing...\"> Save<\/a>\n\t\t\t\t\t\t\t\t\t\t<a href=\"javascript:void(0);\" class=\"um-modal-btn alt\" data-action=\"um_remove_modal\"> Cancel<\/a>\n\t\t\t\t\t\t\t\t\t<\/div>\n\t\t\t\t\t\t\t\t\t<div class=\"um-clear\"><\/div>\n\t\t\t\t\t\t\t\t<\/div><\/div><\/div><\/div><\/div><div class=\"um-clear\"><\/div><\/div>\t<input type=\"hidden\" name=\"form_id\" id=\"form_id_19251\" value=\"19251\" \/>\n\t\t<p class=\"um_request_name\">\n\t\t<label for=\"um_request_19251\">Only fill in if you are not human<\/label>\n\t\t<input type=\"hidden\" name=\"um_request\" id=\"um_request_19251\" class=\"input\" value=\"\" size=\"25\" autocomplete=\"off\" \/>\n\t<\/p>\n\t<input type=\"hidden\" id=\"_wpnonce\" name=\"_wpnonce\" value=\"4b619243a2\" \/><input type=\"hidden\" name=\"_wp_http_referer\" value=\"\/abeic\/wp-json\/wp\/v2\/pages\/278\" \/>\n\t<div class=\"um-col-alt\">\n\n\t\t\n\t\t\t<div class=\"um-left um-half\">\n\t\t\t\t<input type=\"submit\" value=\"Enviar\" class=\"um-button\" id=\"um-submit-btn\" \/>\n\t\t\t<\/div>\n\t\t\t<div class=\"um-right um-half\">\n\t\t\t\t<a href=\"https:\/\/abeic.org.br\/abeic\/login\/\" class=\"um-button um-alt\">\n\t\t\t\t\tLogin\t\t\t\t<\/a>\n\t\t\t<\/div>\n\n\t\t\n\t\t<div class=\"um-clear\"><\/div>\n\n\t<\/div>\n\n\t\t\t<\/form>\n\t<\/div>\n<\/div>\n<style>\n\t\t\t.um-19251.um {\n\t\t\tmax-width: 450px;\n\t\t}\n\t\t<\/style>\n\r\n","protected":false},"excerpt":{"rendered":"<p>Ao filiar-se \u00e0\u00a0ABEIC\u00a0voc\u00ea far\u00e1 parte de um ambiente de reflex\u00e3o, pesquisa e debate, voltado para a conscientiza\u00e7\u00e3o, difus\u00e3o e aprendizado dos temas intelig\u00eancia e contraintelig\u00eancia, e bem assim sua utiliza\u00e7\u00e3o no contexto do processo decis\u00f3rio e de prote\u00e7\u00e3o dos conhecimentos sens\u00edveis. Se voc\u00ea tem interesse em filiar-se \u00e0\u00a0ABEIC, preencha o cadastro abaixo, enviando-o, ap\u00f3s, ao [&hellip;]<\/p>\n","protected":false},"author":1,"featured_media":0,"parent":0,"menu_order":0,"comment_status":"closed","ping_status":"closed","template":"page-associese.php","meta":{"_acf_changed":false,"nf_dc_page":"","_bbp_topic_count":0,"_bbp_reply_count":0,"_bbp_total_topic_count":0,"_bbp_total_reply_count":0,"_bbp_voice_count":0,"_bbp_anonymous_reply_count":0,"_bbp_topic_count_hidden":0,"_bbp_reply_count_hidden":0,"_bbp_forum_subforum_count":0,"footnotes":""},"class_list":["post-278","page","type-page","status-publish","hentry"],"acf":[],"yoast_head":"<!-- This site is optimized with the Yoast SEO plugin v27.4 - https:\/\/yoast.com\/product\/yoast-seo-wordpress\/ -->\n<title>Filia\u00e7\u00e3o - ABEIC<\/title>\n<meta name=\"robots\" content=\"index, follow, max-snippet:-1, max-image-preview:large, max-video-preview:-1\" \/>\n<link rel=\"canonical\" href=\"https:\/\/abeic.org.br\/abeic\/filiacao\/\" \/>\n<meta property=\"og:locale\" content=\"pt_BR\" \/>\n<meta property=\"og:type\" content=\"article\" \/>\n<meta property=\"og:title\" content=\"Filia\u00e7\u00e3o - ABEIC\" \/>\n<meta property=\"og:description\" content=\"Ao filiar-se \u00e0\u00a0ABEIC\u00a0voc\u00ea far\u00e1 parte de um ambiente de reflex\u00e3o, pesquisa e debate, voltado para a conscientiza\u00e7\u00e3o, difus\u00e3o e aprendizado dos temas intelig\u00eancia e contraintelig\u00eancia, e bem assim sua utiliza\u00e7\u00e3o no contexto do processo decis\u00f3rio e de prote\u00e7\u00e3o dos conhecimentos sens\u00edveis. Se voc\u00ea tem interesse em filiar-se \u00e0\u00a0ABEIC, preencha o cadastro abaixo, enviando-o, ap\u00f3s, ao [&hellip;]\" \/>\n<meta property=\"og:url\" content=\"https:\/\/abeic.org.br\/abeic\/filiacao\/\" \/>\n<meta property=\"og:site_name\" content=\"ABEIC\" \/>\n<meta property=\"article:modified_time\" content=\"2025-07-11T16:12:55+00:00\" \/>\n<meta name=\"twitter:card\" content=\"summary_large_image\" \/>\n<meta name=\"twitter:label1\" content=\"Est. tempo de leitura\" \/>\n\t<meta name=\"twitter:data1\" content=\"1 minuto\" \/>\n<script type=\"application\/ld+json\" class=\"yoast-schema-graph\">{\"@context\":\"https:\\\/\\\/schema.org\",\"@graph\":[{\"@type\":\"WebPage\",\"@id\":\"https:\\\/\\\/abeic.org.br\\\/abeic\\\/filiacao\\\/\",\"url\":\"https:\\\/\\\/abeic.org.br\\\/abeic\\\/filiacao\\\/\",\"name\":\"Filia\u00e7\u00e3o - ABEIC\",\"isPartOf\":{\"@id\":\"https:\\\/\\\/abeic.org.br\\\/abeic\\\/#website\"},\"datePublished\":\"2020-03-11T14:23:22+00:00\",\"dateModified\":\"2025-07-11T16:12:55+00:00\",\"breadcrumb\":{\"@id\":\"https:\\\/\\\/abeic.org.br\\\/abeic\\\/filiacao\\\/#breadcrumb\"},\"inLanguage\":\"pt-BR\",\"potentialAction\":[{\"@type\":\"ReadAction\",\"target\":[\"https:\\\/\\\/abeic.org.br\\\/abeic\\\/filiacao\\\/\"]}]},{\"@type\":\"BreadcrumbList\",\"@id\":\"https:\\\/\\\/abeic.org.br\\\/abeic\\\/filiacao\\\/#breadcrumb\",\"itemListElement\":[{\"@type\":\"ListItem\",\"position\":1,\"name\":\"Home\",\"item\":\"https:\\\/\\\/abeic.org.br\\\/abeic\\\/\"},{\"@type\":\"ListItem\",\"position\":2,\"name\":\"Filia\u00e7\u00e3o\"}]},{\"@type\":\"WebSite\",\"@id\":\"https:\\\/\\\/abeic.org.br\\\/abeic\\\/#website\",\"url\":\"https:\\\/\\\/abeic.org.br\\\/abeic\\\/\",\"name\":\"ABEIC\",\"description\":\"Associa\u00e7\u00e3o Brasileira de Estudos de Intelig\u00eancia e Contraintelig\u00eancia\",\"potentialAction\":[{\"@type\":\"SearchAction\",\"target\":{\"@type\":\"EntryPoint\",\"urlTemplate\":\"https:\\\/\\\/abeic.org.br\\\/abeic\\\/?s={search_term_string}\"},\"query-input\":{\"@type\":\"PropertyValueSpecification\",\"valueRequired\":true,\"valueName\":\"search_term_string\"}}],\"inLanguage\":\"pt-BR\"}]}<\/script>\n<!-- \/ Yoast SEO plugin. -->","yoast_head_json":{"title":"Filia\u00e7\u00e3o - ABEIC","robots":{"index":"index","follow":"follow","max-snippet":"max-snippet:-1","max-image-preview":"max-image-preview:large","max-video-preview":"max-video-preview:-1"},"canonical":"https:\/\/abeic.org.br\/abeic\/filiacao\/","og_locale":"pt_BR","og_type":"article","og_title":"Filia\u00e7\u00e3o - ABEIC","og_description":"Ao filiar-se \u00e0\u00a0ABEIC\u00a0voc\u00ea far\u00e1 parte de um ambiente de reflex\u00e3o, pesquisa e debate, voltado para a conscientiza\u00e7\u00e3o, difus\u00e3o e aprendizado dos temas intelig\u00eancia e contraintelig\u00eancia, e bem assim sua utiliza\u00e7\u00e3o no contexto do processo decis\u00f3rio e de prote\u00e7\u00e3o dos conhecimentos sens\u00edveis. Se voc\u00ea tem interesse em filiar-se \u00e0\u00a0ABEIC, preencha o cadastro abaixo, enviando-o, ap\u00f3s, ao [&hellip;]","og_url":"https:\/\/abeic.org.br\/abeic\/filiacao\/","og_site_name":"ABEIC","article_modified_time":"2025-07-11T16:12:55+00:00","twitter_card":"summary_large_image","twitter_misc":{"Est. tempo de leitura":"1 minuto"},"schema":{"@context":"https:\/\/schema.org","@graph":[{"@type":"WebPage","@id":"https:\/\/abeic.org.br\/abeic\/filiacao\/","url":"https:\/\/abeic.org.br\/abeic\/filiacao\/","name":"Filia\u00e7\u00e3o - ABEIC","isPartOf":{"@id":"https:\/\/abeic.org.br\/abeic\/#website"},"datePublished":"2020-03-11T14:23:22+00:00","dateModified":"2025-07-11T16:12:55+00:00","breadcrumb":{"@id":"https:\/\/abeic.org.br\/abeic\/filiacao\/#breadcrumb"},"inLanguage":"pt-BR","potentialAction":[{"@type":"ReadAction","target":["https:\/\/abeic.org.br\/abeic\/filiacao\/"]}]},{"@type":"BreadcrumbList","@id":"https:\/\/abeic.org.br\/abeic\/filiacao\/#breadcrumb","itemListElement":[{"@type":"ListItem","position":1,"name":"Home","item":"https:\/\/abeic.org.br\/abeic\/"},{"@type":"ListItem","position":2,"name":"Filia\u00e7\u00e3o"}]},{"@type":"WebSite","@id":"https:\/\/abeic.org.br\/abeic\/#website","url":"https:\/\/abeic.org.br\/abeic\/","name":"ABEIC","description":"Associa\u00e7\u00e3o Brasileira de Estudos de Intelig\u00eancia e Contraintelig\u00eancia","potentialAction":[{"@type":"SearchAction","target":{"@type":"EntryPoint","urlTemplate":"https:\/\/abeic.org.br\/abeic\/?s={search_term_string}"},"query-input":{"@type":"PropertyValueSpecification","valueRequired":true,"valueName":"search_term_string"}}],"inLanguage":"pt-BR"}]}},"_links":{"self":[{"href":"https:\/\/abeic.org.br\/abeic\/wp-json\/wp\/v2\/pages\/278","targetHints":{"allow":["GET"]}}],"collection":[{"href":"https:\/\/abeic.org.br\/abeic\/wp-json\/wp\/v2\/pages"}],"about":[{"href":"https:\/\/abeic.org.br\/abeic\/wp-json\/wp\/v2\/types\/page"}],"author":[{"embeddable":true,"href":"https:\/\/abeic.org.br\/abeic\/wp-json\/wp\/v2\/users\/1"}],"replies":[{"embeddable":true,"href":"https:\/\/abeic.org.br\/abeic\/wp-json\/wp\/v2\/comments?post=278"}],"version-history":[{"count":3,"href":"https:\/\/abeic.org.br\/abeic\/wp-json\/wp\/v2\/pages\/278\/revisions"}],"predecessor-version":[{"id":22151,"href":"https:\/\/abeic.org.br\/abeic\/wp-json\/wp\/v2\/pages\/278\/revisions\/22151"}],"wp:attachment":[{"href":"https:\/\/abeic.org.br\/abeic\/wp-json\/wp\/v2\/media?parent=278"}],"curies":[{"name":"wp","href":"https:\/\/api.w.org\/{rel}","templated":true}]}}