{"id":21649,"date":"2021-05-10T15:35:34","date_gmt":"2021-05-10T18:35:34","guid":{"rendered":"https:\/\/abeic.org.br\/abeic\/?page_id=21649"},"modified":"2021-05-19T20:37:57","modified_gmt":"2021-05-19T23:37:57","slug":"home-2","status":"publish","type":"page","link":"https:\/\/abeic.org.br\/abeic\/","title":{"rendered":"Home"},"content":{"rendered":"","protected":false},"excerpt":{"rendered":"","protected":false},"author":1,"featured_media":0,"parent":0,"menu_order":0,"comment_status":"closed","ping_status":"closed","template":"page-home2.php","meta":{"_acf_changed":false,"nf_dc_page":"","_bbp_topic_count":0,"_bbp_reply_count":0,"_bbp_total_topic_count":0,"_bbp_total_reply_count":0,"_bbp_voice_count":0,"_bbp_anonymous_reply_count":0,"_bbp_topic_count_hidden":0,"_bbp_reply_count_hidden":0,"_bbp_forum_subforum_count":0,"footnotes":""},"class_list":["post-21649","page","type-page","status-publish","hentry"],"acf":[],"yoast_head":"<!-- This site is optimized with the Yoast SEO plugin v27.4 - https:\/\/yoast.com\/product\/yoast-seo-wordpress\/ -->\n<title>Home - ABEIC<\/title>\n<meta name=\"robots\" content=\"index, follow, max-snippet:-1, max-image-preview:large, max-video-preview:-1\" \/>\n<link rel=\"canonical\" href=\"https:\/\/abeic.org.br\/abeic\/\" \/>\n<meta property=\"og:locale\" content=\"pt_BR\" \/>\n<meta property=\"og:type\" content=\"article\" \/>\n<meta property=\"og:title\" content=\"Home - ABEIC\" \/>\n<meta property=\"og:url\" content=\"https:\/\/abeic.org.br\/abeic\/\" \/>\n<meta property=\"og:site_name\" content=\"ABEIC\" \/>\n<meta property=\"article:modified_time\" content=\"2021-05-19T23:37:57+00:00\" \/>\n<meta name=\"twitter:card\" content=\"summary_large_image\" \/>\n<script type=\"application\/ld+json\" class=\"yoast-schema-graph\">{\"@context\":\"https:\\\/\\\/schema.org\",\"@graph\":[{\"@type\":\"WebPage\",\"@id\":\"https:\\\/\\\/abeic.org.br\\\/abeic\\\/\",\"url\":\"https:\\\/\\\/abeic.org.br\\\/abeic\\\/\",\"name\":\"Home - ABEIC\",\"isPartOf\":{\"@id\":\"https:\\\/\\\/abeic.org.br\\\/abeic\\\/#website\"},\"datePublished\":\"2021-05-10T18:35:34+00:00\",\"dateModified\":\"2021-05-19T23:37:57+00:00\",\"breadcrumb\":{\"@id\":\"https:\\\/\\\/abeic.org.br\\\/abeic\\\/#breadcrumb\"},\"inLanguage\":\"pt-BR\",\"potentialAction\":[{\"@type\":\"ReadAction\",\"target\":[\"https:\\\/\\\/abeic.org.br\\\/abeic\\\/\"]}]},{\"@type\":\"BreadcrumbList\",\"@id\":\"https:\\\/\\\/abeic.org.br\\\/abeic\\\/#breadcrumb\",\"itemListElement\":[{\"@type\":\"ListItem\",\"position\":1,\"name\":\"Home\",\"item\":\"https:\\\/\\\/abeic.org.br\\\/abeic\\\/\"},{\"@type\":\"ListItem\",\"position\":2,\"name\":\"Home\"}]},{\"@type\":\"WebSite\",\"@id\":\"https:\\\/\\\/abeic.org.br\\\/abeic\\\/#website\",\"url\":\"https:\\\/\\\/abeic.org.br\\\/abeic\\\/\",\"name\":\"ABEIC\",\"description\":\"Associa\u00e7\u00e3o Brasileira de Estudos de Intelig\u00eancia e Contraintelig\u00eancia\",\"potentialAction\":[{\"@type\":\"SearchAction\",\"target\":{\"@type\":\"EntryPoint\",\"urlTemplate\":\"https:\\\/\\\/abeic.org.br\\\/abeic\\\/?s={search_term_string}\"},\"query-input\":{\"@type\":\"PropertyValueSpecification\",\"valueRequired\":true,\"valueName\":\"search_term_string\"}}],\"inLanguage\":\"pt-BR\"}]}<\/script>\n<!-- \/ Yoast SEO plugin. -->","yoast_head_json":{"title":"Home - ABEIC","robots":{"index":"index","follow":"follow","max-snippet":"max-snippet:-1","max-image-preview":"max-image-preview:large","max-video-preview":"max-video-preview:-1"},"canonical":"https:\/\/abeic.org.br\/abeic\/","og_locale":"pt_BR","og_type":"article","og_title":"Home - ABEIC","og_url":"https:\/\/abeic.org.br\/abeic\/","og_site_name":"ABEIC","article_modified_time":"2021-05-19T23:37:57+00:00","twitter_card":"summary_large_image","schema":{"@context":"https:\/\/schema.org","@graph":[{"@type":"WebPage","@id":"https:\/\/abeic.org.br\/abeic\/","url":"https:\/\/abeic.org.br\/abeic\/","name":"Home - ABEIC","isPartOf":{"@id":"https:\/\/abeic.org.br\/abeic\/#website"},"datePublished":"2021-05-10T18:35:34+00:00","dateModified":"2021-05-19T23:37:57+00:00","breadcrumb":{"@id":"https:\/\/abeic.org.br\/abeic\/#breadcrumb"},"inLanguage":"pt-BR","potentialAction":[{"@type":"ReadAction","target":["https:\/\/abeic.org.br\/abeic\/"]}]},{"@type":"BreadcrumbList","@id":"https:\/\/abeic.org.br\/abeic\/#breadcrumb","itemListElement":[{"@type":"ListItem","position":1,"name":"Home","item":"https:\/\/abeic.org.br\/abeic\/"},{"@type":"ListItem","position":2,"name":"Home"}]},{"@type":"WebSite","@id":"https:\/\/abeic.org.br\/abeic\/#website","url":"https:\/\/abeic.org.br\/abeic\/","name":"ABEIC","description":"Associa\u00e7\u00e3o Brasileira de Estudos de Intelig\u00eancia e Contraintelig\u00eancia","potentialAction":[{"@type":"SearchAction","target":{"@type":"EntryPoint","urlTemplate":"https:\/\/abeic.org.br\/abeic\/?s={search_term_string}"},"query-input":{"@type":"PropertyValueSpecification","valueRequired":true,"valueName":"search_term_string"}}],"inLanguage":"pt-BR"}]}},"_links":{"self":[{"href":"https:\/\/abeic.org.br\/abeic\/wp-json\/wp\/v2\/pages\/21649","targetHints":{"allow":["GET"]}}],"collection":[{"href":"https:\/\/abeic.org.br\/abeic\/wp-json\/wp\/v2\/pages"}],"about":[{"href":"https:\/\/abeic.org.br\/abeic\/wp-json\/wp\/v2\/types\/page"}],"author":[{"embeddable":true,"href":"https:\/\/abeic.org.br\/abeic\/wp-json\/wp\/v2\/users\/1"}],"replies":[{"embeddable":true,"href":"https:\/\/abeic.org.br\/abeic\/wp-json\/wp\/v2\/comments?post=21649"}],"version-history":[{"count":0,"href":"https:\/\/abeic.org.br\/abeic\/wp-json\/wp\/v2\/pages\/21649\/revisions"}],"wp:attachment":[{"href":"https:\/\/abeic.org.br\/abeic\/wp-json\/wp\/v2\/media?parent=21649"}],"curies":[{"name":"wp","href":"https:\/\/api.w.org\/{rel}","templated":true}]}}