{"id":21212,"date":"2021-03-10T15:53:17","date_gmt":"2021-03-10T18:53:17","guid":{"rendered":"https:\/\/abeic.org.br\/abeic\/?page_id=21212"},"modified":"2025-06-14T23:02:59","modified_gmt":"2025-06-15T02:02:59","slug":"apresentacao","status":"publish","type":"page","link":"https:\/\/abeic.org.br\/abeic\/apresentacao\/","title":{"rendered":"Apresenta\u00e7\u00e3o"},"content":{"rendered":"\n<p class=\"has-text-align-left\">No in\u00edcio da d\u00e9cada de 90, um grupo de vision\u00e1rios, diante dos primeiros desafios que a globaliza\u00e7\u00e3o come\u00e7ava a impor aos Estados Nacionais: a forma\u00e7\u00e3o de blocos econ\u00f4micos, e preocupados com as amea\u00e7as e oportunidades que se avizinhavam dos pa\u00edses do Mercosul e do seu ide\u00e1rio de integra\u00e7\u00e3o econ\u00f4mica, formaram a Associa\u00e7\u00e3o de Estudos da Integra\u00e7\u00e3o para que ela se constitu\u00edsse em um f\u00f3rum permanente de debates e produ\u00e7\u00e3o cient\u00edfica que ajudasse na redu\u00e7\u00e3o das incertezas, dificuldades e barreiras jur\u00eddicas impostas aos integrantes do mercado comum em forma\u00e7\u00e3o.<\/p>\n\n\n\n<p class=\"has-text-align-left\">Transcorridas quase duas d\u00e9cadas desde a cria\u00e7\u00e3o da Associa\u00e7\u00e3o, o Mercosul consolidou-se e os desafios iniciais impostos pela integra\u00e7\u00e3o econ\u00f4mica, paulatinamente foram superados. No mesmo per\u00edodo, no entanto, os desafios e os perigos que o mundo globalizado trouxe consigo, com o interc\u00e2mbio cada vez maior de conhecimentos, pessoas e com\u00e9rcio, cresceram exponencialmente. Organiza\u00e7\u00f5es criminosas formaram redes transnacionais para, com mais efici\u00eancia e lucratividade, realizarem os seus \"neg\u00f3cios\", o terrorismo, a ciberguerra, a biopirataria, as \"guerras\" econ\u00f4micas e comerciais, entre tantos outros perigos assim\u00e9tricos, tornaram-se uma dura realidade e amea\u00e7a para todos os Estados Democr\u00e1ticos e, por consequ\u00eancia, para os atores privados que d\u00e3o suporte ao desenvolvimento econ\u00f4mico e industrial destes Estados.<\/p>\n\n\n\n<p class=\"has-text-align-left\">Diante desse contexto, a Associa\u00e7\u00e3o da Integra\u00e7\u00e3o, objetivando se adaptar aos novos desafios e bem cumprir a sua miss\u00e3o institucional, por delibera\u00e7\u00e3o assemblear, adaptou o foco de suas preocupa\u00e7\u00f5es, direcionando os seus estudos e pesquisas \u00e0s quest\u00f5es afetas \u00e0 intelig\u00eancia e \u00e0 contraintelig\u00eancia, como forma de proteger os conhecimentos sens\u00edveis da na\u00e7\u00e3o, produzidos tanto pelo poder p\u00fablico quanto privado.<\/p>\n\n\n\n<p class=\"has-text-align-left\">Adequando-se ao seu&nbsp; novo objetivo associativo, a Associa\u00e7\u00e3o Brasileira dos Estudos da Integra\u00e7\u00e3o, que nasceu no ano de 1991, passou, no final do ano de 2011, a denominar-se Associa\u00e7\u00e3o Brasileira de Estudos de Intelig\u00eancia e Contraintelig\u00eancia - ABEIC.<\/p>\n\n\n\n<p class=\"has-text-align-left\">Assim, com mais de vinte anos de hist\u00f3ria e servi\u00e7os prestados \u00e0 na\u00e7\u00e3o, a ABEIC adequou-se aos desafios impostos neste momento hist\u00f3rico, para bem cumprir a sua miss\u00e3o.<\/p>\n\n\n\n<p class=\"has-text-align-left\"><strong>Objetivos<\/strong><\/p>\n\n\n\n<p class=\"has-text-align-left\">A ABEIC tem por objetivo promover e incentivar a pesquisa nas \u00e1reas de intelig\u00eancia e contraintelig\u00eancia. Promover palestras, debates, semin\u00e1rios, cursos, worshops, congressos e outros eventos destinados \u00e0 discuss\u00e3o, estudo,&nbsp; e aprendizagem destes temas. Estabelecer coopera\u00e7\u00f5es e conv\u00eanios cient\u00edficos com institui\u00e7\u00f5es cong\u00eaneres no&nbsp; Brasil e no exterior. Elaborar estudos e pesquisas, bem como apresentar propostas e cr\u00edticas \u00e0s autoridades, \u00f3rg\u00e3os p\u00fablicos e entidades privadas, na tem\u00e1tica afeta \u00e0 intelig\u00eancia e \u00e0 contraintelig\u00eancia. Estabelecer coopera\u00e7\u00e3o permanente com as institui\u00e7\u00f5es de ensino, p\u00fablicas ou privadas, nacionais e estrangeiras, interessadas no assunto, igualmente com \u00f3rg\u00e3os oficiais, nacionais ou estrangeiros, relacionados com o tema. Promover publica\u00e7\u00f5es sobre o assunto e temas conexos. Por fim, difundir a import\u00e2ncia da atividade de intelig\u00eancia no contexto do processo decis\u00f3rio e da contraintelig\u00eancia como meio eficaz \u00e0 prote\u00e7\u00e3o dos conhecimentos sens\u00edveis produzidos no universo p\u00fablico e privado.<\/p>\n","protected":false},"excerpt":{"rendered":"<p>No in\u00edcio da d\u00e9cada de 90, um grupo de vision\u00e1rios, diante dos primeiros desafios que a globaliza\u00e7\u00e3o come\u00e7ava a impor aos Estados Nacionais: a forma\u00e7\u00e3o de blocos econ\u00f4micos, e preocupados com as amea\u00e7as e oportunidades que se avizinhavam dos pa\u00edses do Mercosul e do seu ide\u00e1rio de integra\u00e7\u00e3o econ\u00f4mica, formaram a Associa\u00e7\u00e3o de Estudos da [&hellip;]<\/p>\n","protected":false},"author":1,"featured_media":21213,"parent":0,"menu_order":0,"comment_status":"closed","ping_status":"closed","template":"page-sobre.php","meta":{"_acf_changed":false,"nf_dc_page":"","_bbp_topic_count":0,"_bbp_reply_count":0,"_bbp_total_topic_count":0,"_bbp_total_reply_count":0,"_bbp_voice_count":0,"_bbp_anonymous_reply_count":0,"_bbp_topic_count_hidden":0,"_bbp_reply_count_hidden":0,"_bbp_forum_subforum_count":0,"footnotes":""},"class_list":["post-21212","page","type-page","status-publish","has-post-thumbnail","hentry"],"acf":[],"yoast_head":"<!-- This site is optimized with the Yoast SEO plugin v27.4 - https:\/\/yoast.com\/product\/yoast-seo-wordpress\/ -->\n<title>Apresenta\u00e7\u00e3o - ABEIC<\/title>\n<meta name=\"robots\" content=\"index, follow, max-snippet:-1, max-image-preview:large, max-video-preview:-1\" \/>\n<link rel=\"canonical\" href=\"https:\/\/abeic.org.br\/abeic\/apresentacao\/\" \/>\n<meta property=\"og:locale\" content=\"pt_BR\" \/>\n<meta property=\"og:type\" content=\"article\" \/>\n<meta property=\"og:title\" content=\"Apresenta\u00e7\u00e3o - ABEIC\" \/>\n<meta property=\"og:description\" content=\"No in\u00edcio da d\u00e9cada de 90, um grupo de vision\u00e1rios, diante dos primeiros desafios que a globaliza\u00e7\u00e3o come\u00e7ava a impor aos Estados Nacionais: a forma\u00e7\u00e3o de blocos econ\u00f4micos, e preocupados com as amea\u00e7as e oportunidades que se avizinhavam dos pa\u00edses do Mercosul e do seu ide\u00e1rio de integra\u00e7\u00e3o econ\u00f4mica, formaram a Associa\u00e7\u00e3o de Estudos da [&hellip;]\" \/>\n<meta property=\"og:url\" content=\"https:\/\/abeic.org.br\/abeic\/apresentacao\/\" \/>\n<meta property=\"og:site_name\" content=\"ABEIC\" \/>\n<meta property=\"article:modified_time\" content=\"2025-06-15T02:02:59+00:00\" \/>\n<meta property=\"og:image\" content=\"https:\/\/abeic.org.br\/abeic\/wp-content\/uploads\/2021\/03\/bannerprincipal.png\" \/>\n\t<meta property=\"og:image:width\" content=\"976\" \/>\n\t<meta property=\"og:image:height\" content=\"228\" \/>\n\t<meta property=\"og:image:type\" content=\"image\/png\" \/>\n<meta name=\"twitter:card\" content=\"summary_large_image\" \/>\n<meta name=\"twitter:label1\" content=\"Est. tempo de leitura\" \/>\n\t<meta name=\"twitter:data1\" content=\"3 minutos\" \/>\n<script type=\"application\/ld+json\" class=\"yoast-schema-graph\">{\"@context\":\"https:\\\/\\\/schema.org\",\"@graph\":[{\"@type\":\"WebPage\",\"@id\":\"https:\\\/\\\/abeic.org.br\\\/abeic\\\/apresentacao\\\/\",\"url\":\"https:\\\/\\\/abeic.org.br\\\/abeic\\\/apresentacao\\\/\",\"name\":\"Apresenta\u00e7\u00e3o - ABEIC\",\"isPartOf\":{\"@id\":\"https:\\\/\\\/abeic.org.br\\\/abeic\\\/#website\"},\"primaryImageOfPage\":{\"@id\":\"https:\\\/\\\/abeic.org.br\\\/abeic\\\/apresentacao\\\/#primaryimage\"},\"image\":{\"@id\":\"https:\\\/\\\/abeic.org.br\\\/abeic\\\/apresentacao\\\/#primaryimage\"},\"thumbnailUrl\":\"https:\\\/\\\/abeic.org.br\\\/abeic\\\/wp-content\\\/uploads\\\/2021\\\/03\\\/bannerprincipal.png\",\"datePublished\":\"2021-03-10T18:53:17+00:00\",\"dateModified\":\"2025-06-15T02:02:59+00:00\",\"breadcrumb\":{\"@id\":\"https:\\\/\\\/abeic.org.br\\\/abeic\\\/apresentacao\\\/#breadcrumb\"},\"inLanguage\":\"pt-BR\",\"potentialAction\":[{\"@type\":\"ReadAction\",\"target\":[\"https:\\\/\\\/abeic.org.br\\\/abeic\\\/apresentacao\\\/\"]}]},{\"@type\":\"ImageObject\",\"inLanguage\":\"pt-BR\",\"@id\":\"https:\\\/\\\/abeic.org.br\\\/abeic\\\/apresentacao\\\/#primaryimage\",\"url\":\"https:\\\/\\\/abeic.org.br\\\/abeic\\\/wp-content\\\/uploads\\\/2021\\\/03\\\/bannerprincipal.png\",\"contentUrl\":\"https:\\\/\\\/abeic.org.br\\\/abeic\\\/wp-content\\\/uploads\\\/2021\\\/03\\\/bannerprincipal.png\",\"width\":976,\"height\":228},{\"@type\":\"BreadcrumbList\",\"@id\":\"https:\\\/\\\/abeic.org.br\\\/abeic\\\/apresentacao\\\/#breadcrumb\",\"itemListElement\":[{\"@type\":\"ListItem\",\"position\":1,\"name\":\"Home\",\"item\":\"https:\\\/\\\/abeic.org.br\\\/abeic\\\/\"},{\"@type\":\"ListItem\",\"position\":2,\"name\":\"Apresenta\u00e7\u00e3o\"}]},{\"@type\":\"WebSite\",\"@id\":\"https:\\\/\\\/abeic.org.br\\\/abeic\\\/#website\",\"url\":\"https:\\\/\\\/abeic.org.br\\\/abeic\\\/\",\"name\":\"ABEIC\",\"description\":\"Associa\u00e7\u00e3o Brasileira de Estudos de Intelig\u00eancia e Contraintelig\u00eancia\",\"potentialAction\":[{\"@type\":\"SearchAction\",\"target\":{\"@type\":\"EntryPoint\",\"urlTemplate\":\"https:\\\/\\\/abeic.org.br\\\/abeic\\\/?s={search_term_string}\"},\"query-input\":{\"@type\":\"PropertyValueSpecification\",\"valueRequired\":true,\"valueName\":\"search_term_string\"}}],\"inLanguage\":\"pt-BR\"}]}<\/script>\n<!-- \/ Yoast SEO plugin. -->","yoast_head_json":{"title":"Apresenta\u00e7\u00e3o - ABEIC","robots":{"index":"index","follow":"follow","max-snippet":"max-snippet:-1","max-image-preview":"max-image-preview:large","max-video-preview":"max-video-preview:-1"},"canonical":"https:\/\/abeic.org.br\/abeic\/apresentacao\/","og_locale":"pt_BR","og_type":"article","og_title":"Apresenta\u00e7\u00e3o - ABEIC","og_description":"No in\u00edcio da d\u00e9cada de 90, um grupo de vision\u00e1rios, diante dos primeiros desafios que a globaliza\u00e7\u00e3o come\u00e7ava a impor aos Estados Nacionais: a forma\u00e7\u00e3o de blocos econ\u00f4micos, e preocupados com as amea\u00e7as e oportunidades que se avizinhavam dos pa\u00edses do Mercosul e do seu ide\u00e1rio de integra\u00e7\u00e3o econ\u00f4mica, formaram a Associa\u00e7\u00e3o de Estudos da [&hellip;]","og_url":"https:\/\/abeic.org.br\/abeic\/apresentacao\/","og_site_name":"ABEIC","article_modified_time":"2025-06-15T02:02:59+00:00","og_image":[{"width":976,"height":228,"url":"https:\/\/abeic.org.br\/abeic\/wp-content\/uploads\/2021\/03\/bannerprincipal.png","type":"image\/png"}],"twitter_card":"summary_large_image","twitter_misc":{"Est. tempo de leitura":"3 minutos"},"schema":{"@context":"https:\/\/schema.org","@graph":[{"@type":"WebPage","@id":"https:\/\/abeic.org.br\/abeic\/apresentacao\/","url":"https:\/\/abeic.org.br\/abeic\/apresentacao\/","name":"Apresenta\u00e7\u00e3o - ABEIC","isPartOf":{"@id":"https:\/\/abeic.org.br\/abeic\/#website"},"primaryImageOfPage":{"@id":"https:\/\/abeic.org.br\/abeic\/apresentacao\/#primaryimage"},"image":{"@id":"https:\/\/abeic.org.br\/abeic\/apresentacao\/#primaryimage"},"thumbnailUrl":"https:\/\/abeic.org.br\/abeic\/wp-content\/uploads\/2021\/03\/bannerprincipal.png","datePublished":"2021-03-10T18:53:17+00:00","dateModified":"2025-06-15T02:02:59+00:00","breadcrumb":{"@id":"https:\/\/abeic.org.br\/abeic\/apresentacao\/#breadcrumb"},"inLanguage":"pt-BR","potentialAction":[{"@type":"ReadAction","target":["https:\/\/abeic.org.br\/abeic\/apresentacao\/"]}]},{"@type":"ImageObject","inLanguage":"pt-BR","@id":"https:\/\/abeic.org.br\/abeic\/apresentacao\/#primaryimage","url":"https:\/\/abeic.org.br\/abeic\/wp-content\/uploads\/2021\/03\/bannerprincipal.png","contentUrl":"https:\/\/abeic.org.br\/abeic\/wp-content\/uploads\/2021\/03\/bannerprincipal.png","width":976,"height":228},{"@type":"BreadcrumbList","@id":"https:\/\/abeic.org.br\/abeic\/apresentacao\/#breadcrumb","itemListElement":[{"@type":"ListItem","position":1,"name":"Home","item":"https:\/\/abeic.org.br\/abeic\/"},{"@type":"ListItem","position":2,"name":"Apresenta\u00e7\u00e3o"}]},{"@type":"WebSite","@id":"https:\/\/abeic.org.br\/abeic\/#website","url":"https:\/\/abeic.org.br\/abeic\/","name":"ABEIC","description":"Associa\u00e7\u00e3o Brasileira de Estudos de Intelig\u00eancia e Contraintelig\u00eancia","potentialAction":[{"@type":"SearchAction","target":{"@type":"EntryPoint","urlTemplate":"https:\/\/abeic.org.br\/abeic\/?s={search_term_string}"},"query-input":{"@type":"PropertyValueSpecification","valueRequired":true,"valueName":"search_term_string"}}],"inLanguage":"pt-BR"}]}},"_links":{"self":[{"href":"https:\/\/abeic.org.br\/abeic\/wp-json\/wp\/v2\/pages\/21212","targetHints":{"allow":["GET"]}}],"collection":[{"href":"https:\/\/abeic.org.br\/abeic\/wp-json\/wp\/v2\/pages"}],"about":[{"href":"https:\/\/abeic.org.br\/abeic\/wp-json\/wp\/v2\/types\/page"}],"author":[{"embeddable":true,"href":"https:\/\/abeic.org.br\/abeic\/wp-json\/wp\/v2\/users\/1"}],"replies":[{"embeddable":true,"href":"https:\/\/abeic.org.br\/abeic\/wp-json\/wp\/v2\/comments?post=21212"}],"version-history":[{"count":1,"href":"https:\/\/abeic.org.br\/abeic\/wp-json\/wp\/v2\/pages\/21212\/revisions"}],"predecessor-version":[{"id":22094,"href":"https:\/\/abeic.org.br\/abeic\/wp-json\/wp\/v2\/pages\/21212\/revisions\/22094"}],"wp:featuredmedia":[{"embeddable":true,"href":"https:\/\/abeic.org.br\/abeic\/wp-json\/wp\/v2\/media\/21213"}],"wp:attachment":[{"href":"https:\/\/abeic.org.br\/abeic\/wp-json\/wp\/v2\/media?parent=21212"}],"curies":[{"name":"wp","href":"https:\/\/api.w.org\/{rel}","templated":true}]}}