{"id":158,"date":"2020-03-03T15:46:23","date_gmt":"2020-03-03T18:46:23","guid":{"rendered":"http:\/\/dev.maiscode.com.br\/anfip\/?page_id=158"},"modified":"2025-07-04T08:37:07","modified_gmt":"2025-07-04T11:37:07","slug":"contato","status":"publish","type":"page","link":"https:\/\/abeic.org.br\/abeic\/contato\/","title":{"rendered":"Contato"},"content":{"rendered":"\r\n<div class=\"wp-block-contact-form-7-contact-form-selector\">\n<div class=\"wpcf7 no-js\" id=\"wpcf7-f160-o1\" lang=\"pt-BR\" dir=\"ltr\" data-wpcf7-id=\"160\">\n<div class=\"screen-reader-response\"><p role=\"status\" aria-live=\"polite\" aria-atomic=\"true\"><\/p> <ul><\/ul><\/div>\n<form action=\"\/abeic\/wp-json\/wp\/v2\/pages\/158#wpcf7-f160-o1\" method=\"post\" class=\"wpcf7-form init\" aria-label=\"Formul\u00e1rios de contato\" novalidate=\"novalidate\" data-status=\"init\">\n<fieldset class=\"hidden-fields-container\"><input type=\"hidden\" name=\"_wpcf7\" value=\"160\" \/><input type=\"hidden\" name=\"_wpcf7_version\" value=\"6.1.5\" \/><input type=\"hidden\" name=\"_wpcf7_locale\" value=\"pt_BR\" \/><input type=\"hidden\" name=\"_wpcf7_unit_tag\" value=\"wpcf7-f160-o1\" \/><input type=\"hidden\" name=\"_wpcf7_container_post\" value=\"0\" \/><input type=\"hidden\" name=\"_wpcf7_posted_data_hash\" value=\"\" \/><input type=\"hidden\" name=\"_wpcf7_recaptcha_response\" value=\"\" \/>\n<\/fieldset>\n<p><span class=\"wpcf7-form-control-wrap\" data-name=\"nome\"><input size=\"40\" maxlength=\"400\" class=\"wpcf7-form-control wpcf7-text wpcf7-validates-as-required\" aria-required=\"true\" aria-invalid=\"false\" placeholder=\"Nome*\" value=\"\" type=\"text\" name=\"nome\" \/><\/span>\n<\/p>\n<p><span class=\"wpcf7-form-control-wrap\" data-name=\"email\"><input size=\"40\" maxlength=\"400\" class=\"wpcf7-form-control wpcf7-email wpcf7-validates-as-required wpcf7-text wpcf7-validates-as-email\" aria-required=\"true\" aria-invalid=\"false\" placeholder=\"Email*\" value=\"\" type=\"email\" name=\"email\" \/><\/span>\n<\/p>\n<p><span class=\"wpcf7-form-control-wrap\" data-name=\"cidade\"><input size=\"40\" maxlength=\"400\" class=\"wpcf7-form-control wpcf7-text wpcf7-validates-as-required\" aria-required=\"true\" aria-invalid=\"false\" placeholder=\"Cidade*\" value=\"\" type=\"text\" name=\"cidade\" \/><\/span>\n<\/p>\n<p><span class=\"wpcf7-form-control-wrap\" data-name=\"estado\"><select class=\"wpcf7-form-control wpcf7-select wpcf7-validates-as-required\" aria-required=\"true\" aria-invalid=\"false\" name=\"estado\"><option value=\"UF\">UF<\/option><option value=\"Acre (AC)\">Acre (AC)<\/option><option value=\"Alagoas (AL)\">Alagoas (AL)<\/option><option value=\"Amap\u00e1 (AP)\">Amap\u00e1 (AP)<\/option><option value=\"Amazonas (AM)\">Amazonas (AM)<\/option><option value=\"Bahia (BA)\">Bahia (BA)<\/option><option value=\"Cear\u00e1 (CE)\">Cear\u00e1 (CE)<\/option><option value=\"Distrito Federal (DF)\">Distrito Federal (DF)<\/option><option value=\"Esp\u00edrito Santo (ES)\">Esp\u00edrito Santo (ES)<\/option><option value=\"Goi\u00e1s (GO)\">Goi\u00e1s (GO)<\/option><option value=\"Maranh\u00e3o (MA)\">Maranh\u00e3o (MA)<\/option><option value=\"Mato Grosso (MT)\">Mato Grosso (MT)<\/option><option value=\"Mato Grosso do Sul (MS)\">Mato Grosso do Sul (MS)<\/option><option value=\"Minas Gerais (MG)\">Minas Gerais (MG)<\/option><option value=\"Par\u00e1 (PA)\">Par\u00e1 (PA)<\/option><option value=\"Para\u00edba (PB)\">Para\u00edba (PB)<\/option><option value=\"Paran\u00e1 (PR)\">Paran\u00e1 (PR)<\/option><option value=\"Pernambuco (PE)\">Pernambuco (PE)<\/option><option value=\"Piau\u00ed (PI)\">Piau\u00ed (PI)<\/option><option value=\"Rio de Janeiro (RJ)\">Rio de Janeiro (RJ)<\/option><option value=\"Rio Grande do Norte (RN)\">Rio Grande do Norte (RN)<\/option><option value=\"Rio Grande do Sul (RS)\">Rio Grande do Sul (RS)<\/option><option value=\"Rond\u00f4nia (RO)\">Rond\u00f4nia (RO)<\/option><option value=\"Roraima (RR)\">Roraima (RR)<\/option><option value=\"Santa Catarina (SC)\">Santa Catarina (SC)<\/option><option value=\"S\u00e3o Paulo (SP)\">S\u00e3o Paulo (SP)<\/option><option value=\"Sergipe (SE)\">Sergipe (SE)<\/option><option value=\"Tocantins (TO)\">Tocantins (TO)<\/option><\/select><\/span>\n<\/p>\n<p><span class=\"wpcf7-form-control-wrap\" data-name=\"messagem\"><textarea cols=\"40\" rows=\"10\" maxlength=\"2000\" class=\"wpcf7-form-control wpcf7-textarea\" aria-invalid=\"false\" placeholder=\"Digite sua mensagem*\" name=\"messagem\"><\/textarea><\/span>\n<\/p>\n<p><span class=\"wpcf7-form-control-wrap\" data-name=\"send_c\"><span class=\"wpcf7-form-control wpcf7-checkbox\"><span class=\"wpcf7-list-item first last\"><input type=\"checkbox\" name=\"send_c[]\" value=\"Enviar uma c\u00f3pia para o meu pr\u00f3prio e-mail\" \/><span class=\"wpcf7-list-item-label\">Enviar uma c\u00f3pia para o meu pr\u00f3prio e-mail<\/span><\/span><\/span><\/span>\n<\/p>\n<p><input class=\"wpcf7-form-control wpcf7-submit has-spinner\" type=\"submit\" value=\"Enviar\" \/>\n<\/p><div class=\"wpcf7-response-output\" aria-hidden=\"true\"><\/div>\n<\/form>\n<\/div>\n<\/div>\r\n\r\n\r\n\r\n<p>&nbsp;<\/p>\r\n","protected":false},"excerpt":{"rendered":"<p>&nbsp;<\/p>\n","protected":false},"author":1,"featured_media":0,"parent":0,"menu_order":0,"comment_status":"closed","ping_status":"closed","template":"page-contato.php","meta":{"_acf_changed":false,"nf_dc_page":"","_bbp_topic_count":0,"_bbp_reply_count":0,"_bbp_total_topic_count":0,"_bbp_total_reply_count":0,"_bbp_voice_count":0,"_bbp_anonymous_reply_count":0,"_bbp_topic_count_hidden":0,"_bbp_reply_count_hidden":0,"_bbp_forum_subforum_count":0,"footnotes":""},"class_list":["post-158","page","type-page","status-publish","hentry"],"acf":[],"yoast_head":"<!-- This site is optimized with the Yoast SEO plugin v27.4 - https:\/\/yoast.com\/product\/yoast-seo-wordpress\/ -->\n<title>Contato - ABEIC<\/title>\n<meta name=\"robots\" content=\"index, follow, max-snippet:-1, max-image-preview:large, max-video-preview:-1\" \/>\n<link rel=\"canonical\" href=\"https:\/\/abeic.org.br\/abeic\/contato\/\" \/>\n<meta property=\"og:locale\" content=\"pt_BR\" \/>\n<meta property=\"og:type\" content=\"article\" \/>\n<meta property=\"og:title\" content=\"Contato - ABEIC\" \/>\n<meta property=\"og:description\" content=\"&nbsp;\" \/>\n<meta property=\"og:url\" content=\"https:\/\/abeic.org.br\/abeic\/contato\/\" \/>\n<meta property=\"og:site_name\" content=\"ABEIC\" \/>\n<meta property=\"article:modified_time\" content=\"2025-07-04T11:37:07+00:00\" \/>\n<meta name=\"twitter:card\" content=\"summary_large_image\" \/>\n<meta name=\"twitter:label1\" content=\"Est. tempo de leitura\" \/>\n\t<meta name=\"twitter:data1\" content=\"1 minuto\" \/>\n<script type=\"application\/ld+json\" class=\"yoast-schema-graph\">{\"@context\":\"https:\\\/\\\/schema.org\",\"@graph\":[{\"@type\":\"WebPage\",\"@id\":\"https:\\\/\\\/abeic.org.br\\\/abeic\\\/contato\\\/\",\"url\":\"https:\\\/\\\/abeic.org.br\\\/abeic\\\/contato\\\/\",\"name\":\"Contato - ABEIC\",\"isPartOf\":{\"@id\":\"https:\\\/\\\/abeic.org.br\\\/abeic\\\/#website\"},\"datePublished\":\"2020-03-03T18:46:23+00:00\",\"dateModified\":\"2025-07-04T11:37:07+00:00\",\"breadcrumb\":{\"@id\":\"https:\\\/\\\/abeic.org.br\\\/abeic\\\/contato\\\/#breadcrumb\"},\"inLanguage\":\"pt-BR\",\"potentialAction\":[{\"@type\":\"ReadAction\",\"target\":[\"https:\\\/\\\/abeic.org.br\\\/abeic\\\/contato\\\/\"]}]},{\"@type\":\"BreadcrumbList\",\"@id\":\"https:\\\/\\\/abeic.org.br\\\/abeic\\\/contato\\\/#breadcrumb\",\"itemListElement\":[{\"@type\":\"ListItem\",\"position\":1,\"name\":\"Home\",\"item\":\"https:\\\/\\\/abeic.org.br\\\/abeic\\\/\"},{\"@type\":\"ListItem\",\"position\":2,\"name\":\"Contato\"}]},{\"@type\":\"WebSite\",\"@id\":\"https:\\\/\\\/abeic.org.br\\\/abeic\\\/#website\",\"url\":\"https:\\\/\\\/abeic.org.br\\\/abeic\\\/\",\"name\":\"ABEIC\",\"description\":\"Associa\u00e7\u00e3o Brasileira de Estudos de Intelig\u00eancia e Contraintelig\u00eancia\",\"potentialAction\":[{\"@type\":\"SearchAction\",\"target\":{\"@type\":\"EntryPoint\",\"urlTemplate\":\"https:\\\/\\\/abeic.org.br\\\/abeic\\\/?s={search_term_string}\"},\"query-input\":{\"@type\":\"PropertyValueSpecification\",\"valueRequired\":true,\"valueName\":\"search_term_string\"}}],\"inLanguage\":\"pt-BR\"}]}<\/script>\n<!-- \/ Yoast SEO plugin. -->","yoast_head_json":{"title":"Contato - ABEIC","robots":{"index":"index","follow":"follow","max-snippet":"max-snippet:-1","max-image-preview":"max-image-preview:large","max-video-preview":"max-video-preview:-1"},"canonical":"https:\/\/abeic.org.br\/abeic\/contato\/","og_locale":"pt_BR","og_type":"article","og_title":"Contato - ABEIC","og_description":"&nbsp;","og_url":"https:\/\/abeic.org.br\/abeic\/contato\/","og_site_name":"ABEIC","article_modified_time":"2025-07-04T11:37:07+00:00","twitter_card":"summary_large_image","twitter_misc":{"Est. tempo de leitura":"1 minuto"},"schema":{"@context":"https:\/\/schema.org","@graph":[{"@type":"WebPage","@id":"https:\/\/abeic.org.br\/abeic\/contato\/","url":"https:\/\/abeic.org.br\/abeic\/contato\/","name":"Contato - ABEIC","isPartOf":{"@id":"https:\/\/abeic.org.br\/abeic\/#website"},"datePublished":"2020-03-03T18:46:23+00:00","dateModified":"2025-07-04T11:37:07+00:00","breadcrumb":{"@id":"https:\/\/abeic.org.br\/abeic\/contato\/#breadcrumb"},"inLanguage":"pt-BR","potentialAction":[{"@type":"ReadAction","target":["https:\/\/abeic.org.br\/abeic\/contato\/"]}]},{"@type":"BreadcrumbList","@id":"https:\/\/abeic.org.br\/abeic\/contato\/#breadcrumb","itemListElement":[{"@type":"ListItem","position":1,"name":"Home","item":"https:\/\/abeic.org.br\/abeic\/"},{"@type":"ListItem","position":2,"name":"Contato"}]},{"@type":"WebSite","@id":"https:\/\/abeic.org.br\/abeic\/#website","url":"https:\/\/abeic.org.br\/abeic\/","name":"ABEIC","description":"Associa\u00e7\u00e3o Brasileira de Estudos de Intelig\u00eancia e Contraintelig\u00eancia","potentialAction":[{"@type":"SearchAction","target":{"@type":"EntryPoint","urlTemplate":"https:\/\/abeic.org.br\/abeic\/?s={search_term_string}"},"query-input":{"@type":"PropertyValueSpecification","valueRequired":true,"valueName":"search_term_string"}}],"inLanguage":"pt-BR"}]}},"_links":{"self":[{"href":"https:\/\/abeic.org.br\/abeic\/wp-json\/wp\/v2\/pages\/158","targetHints":{"allow":["GET"]}}],"collection":[{"href":"https:\/\/abeic.org.br\/abeic\/wp-json\/wp\/v2\/pages"}],"about":[{"href":"https:\/\/abeic.org.br\/abeic\/wp-json\/wp\/v2\/types\/page"}],"author":[{"embeddable":true,"href":"https:\/\/abeic.org.br\/abeic\/wp-json\/wp\/v2\/users\/1"}],"replies":[{"embeddable":true,"href":"https:\/\/abeic.org.br\/abeic\/wp-json\/wp\/v2\/comments?post=158"}],"version-history":[{"count":2,"href":"https:\/\/abeic.org.br\/abeic\/wp-json\/wp\/v2\/pages\/158\/revisions"}],"predecessor-version":[{"id":22149,"href":"https:\/\/abeic.org.br\/abeic\/wp-json\/wp\/v2\/pages\/158\/revisions\/22149"}],"wp:attachment":[{"href":"https:\/\/abeic.org.br\/abeic\/wp-json\/wp\/v2\/media?parent=158"}],"curies":[{"name":"wp","href":"https:\/\/api.w.org\/{rel}","templated":true}]}}